{"id":602,"date":"2017-01-29T16:28:02","date_gmt":"2017-01-29T16:28:02","guid":{"rendered":"http:\/\/jollytech.net\/w\/?page_id=602"},"modified":"2024-02-26T10:51:54","modified_gmt":"2024-02-26T10:51:54","slug":"tende-plisse","status":"publish","type":"page","link":"https:\/\/jollytech.net\/w\/prodotti\/tende-plisse\/","title":{"rendered":"Tende pliss\u00e8"},"content":{"rendered":"<p class=\"p1\"><span class=\"s1\">Le\u00a0<b>tende pliss\u00e8<\/b>\u00a0(o <em>plissettate<\/em>) sono pieghettate, per regolare la quantit\u00e0 di luce e sono installabili su qualunque tipo e qualsiasi forma di finestra, offrendo una soluzione di tenda molto meno ingombrante di una tenda classica.<\/span><\/p>\n<p class=\"p1\"><span class=\"s1\">Le tende per interni pliss\u00e8 sono sempre pi\u00f9 conosciute come oggetto di arredamento e <em>design<\/em> oltre che come sistema di oscuramento, particolarmente funzionale, oltretutto, al <strong>risparmio energetico.<\/strong><\/span><\/p>\n<p class=\"p1\"><a href=\"http:\/\/jollytech.net\/w\/wp-content\/uploads\/2017\/01\/pli-353.jpg\"><img loading=\"lazy\" class=\"alignnone wp-image-576 size-full\" src=\"http:\/\/jollytech.net\/w\/wp-content\/uploads\/2017\/01\/pli-353.jpg\" alt=\"tende plissettate\" width=\"768\" height=\"768\" srcset=\"https:\/\/jollytech.net\/w\/wp-content\/uploads\/2017\/01\/pli-353.jpg 768w, https:\/\/jollytech.net\/w\/wp-content\/uploads\/2017\/01\/pli-353-150x150.jpg 150w, https:\/\/jollytech.net\/w\/wp-content\/uploads\/2017\/01\/pli-353-300x300.jpg 300w\" sizes=\"(max-width: 768px) 100vw, 768px\" \/><\/a><\/p>\n<p class=\"p1\"><span class=\"s1\">Le tende pliss\u00e8 si classificano in base al tipo di tessuto che pu\u00f2 essere\u00a0filtrante\u00a0o\u00a0oscurante, in base la tipo di movimentazione (a corda, a catena, o a motore ) ed in base alla misura della piega (da 20mm e da 25mm).<\/span><\/p>\n<p class=\"p1\"><span class=\"s1\">Le\u00a0tende pliss\u00e8 da 25mm\u00a0sono pi\u00f9 indicate per vetrate di grandi dimensioni (per esempio vetrine di uffici e negozi), mentre le\u00a0tende plisse da 20mm\u00a0sono utilizzate soprattutto tra i fremavetri degli infissi. Molto comode per gli ambienti cucina e bagno le tende plissettate con doppia maniglia che permettono di essere manovrate sia verso l&#8217;alto che verso il basso<\/span><span class=\"s2\">.<\/span><\/p>\n<p class=\"p1\"><a href=\"http:\/\/jollytech.net\/w\/?cat=53\">Modelli disponibili<\/a>: <strong>Pl\u00ec 353\/1 \u2013 Pl\u00ec 353\/2 \u2013 Pl\u00ec 353\/3 \u2013 Pl\u00ec 353\/4<\/strong><\/p>\n","protected":false},"excerpt":{"rendered":"<p>Le\u00a0tende pliss\u00e8\u00a0(o plissettate) sono pieghettate, per regolare la quantit\u00e0 di luce e sono installabili su qualunque tipo e qualsiasi forma di finestra, offrendo una soluzione di tenda molto meno ingombrante di una tenda classica. Le tende per interni pliss\u00e8 sono&hellip; <\/p>\n","protected":false},"author":1,"featured_media":0,"parent":13,"menu_order":0,"comment_status":"closed","ping_status":"closed","template":"","meta":[],"yoast_head":"<!-- This site is optimized with the Yoast SEO plugin v19.5 - https:\/\/yoast.com\/wordpress\/plugins\/seo\/ -->\n<title>Vendita tende pliss\u00e8 a Parma - JollyTech<\/title>\n<meta name=\"description\" content=\"Scopri le migliori tende pliss\u00e9 a Parma da JollyTech. Coniuga stile e versatilit\u00e0 nella tua casa con le nostre soluzioni. Esplora la nostra gamma e aggiungi un tocco di eleganza ai tuoi ambienti oggi stesso!\" \/>\n<meta name=\"robots\" content=\"index, follow, max-snippet:-1, max-image-preview:large, max-video-preview:-1\" \/>\n<link rel=\"canonical\" href=\"https:\/\/jollytech.net\/w\/prodotti\/tende-plisse\/\" \/>\n<meta property=\"og:locale\" content=\"it_IT\" \/>\n<meta property=\"og:type\" content=\"article\" \/>\n<meta property=\"og:title\" content=\"Vendita tende pliss\u00e8 a Parma - JollyTech\" \/>\n<meta property=\"og:description\" content=\"Scopri le migliori tende pliss\u00e9 a Parma da JollyTech. Coniuga stile e versatilit\u00e0 nella tua casa con le nostre soluzioni. Esplora la nostra gamma e aggiungi un tocco di eleganza ai tuoi ambienti oggi stesso!\" \/>\n<meta property=\"og:url\" content=\"https:\/\/jollytech.net\/w\/prodotti\/tende-plisse\/\" \/>\n<meta property=\"og:site_name\" content=\"JollyTech\" \/>\n<meta property=\"article:publisher\" content=\"https:\/\/www.facebook.com\/JOLLY-TECH-1675817152686996\/\" \/>\n<meta property=\"article:modified_time\" content=\"2024-02-26T10:51:54+00:00\" \/>\n<meta property=\"og:image\" content=\"http:\/\/jollytech.net\/w\/wp-content\/uploads\/2017\/01\/pli-353.jpg\" \/>\n<meta name=\"twitter:card\" content=\"summary_large_image\" \/>\n<meta name=\"twitter:label1\" content=\"Tempo di lettura stimato\" \/>\n\t<meta name=\"twitter:data1\" content=\"2 minuti\" \/>\n<script type=\"application\/ld+json\" class=\"yoast-schema-graph\">{\"@context\":\"https:\/\/schema.org\",\"@graph\":[{\"@type\":\"WebPage\",\"@id\":\"https:\/\/jollytech.net\/w\/prodotti\/tende-plisse\/\",\"url\":\"https:\/\/jollytech.net\/w\/prodotti\/tende-plisse\/\",\"name\":\"Vendita tende pliss\u00e8 a Parma - JollyTech\",\"isPartOf\":{\"@id\":\"https:\/\/jollytech.net\/w\/#website\"},\"datePublished\":\"2017-01-29T16:28:02+00:00\",\"dateModified\":\"2024-02-26T10:51:54+00:00\",\"description\":\"Scopri le migliori tende pliss\u00e9 a Parma da JollyTech. Coniuga stile e versatilit\u00e0 nella tua casa con le nostre soluzioni. Esplora la nostra gamma e aggiungi un tocco di eleganza ai tuoi ambienti oggi stesso!\",\"breadcrumb\":{\"@id\":\"https:\/\/jollytech.net\/w\/prodotti\/tende-plisse\/#breadcrumb\"},\"inLanguage\":\"it-IT\",\"potentialAction\":[{\"@type\":\"ReadAction\",\"target\":[\"https:\/\/jollytech.net\/w\/prodotti\/tende-plisse\/\"]}]},{\"@type\":\"BreadcrumbList\",\"@id\":\"https:\/\/jollytech.net\/w\/prodotti\/tende-plisse\/#breadcrumb\",\"itemListElement\":[{\"@type\":\"ListItem\",\"position\":1,\"name\":\"Home\",\"item\":\"https:\/\/jollytech.net\/w\/\"},{\"@type\":\"ListItem\",\"position\":2,\"name\":\"Prodotti\",\"item\":\"https:\/\/jollytech.net\/w\/prodotti\/\"},{\"@type\":\"ListItem\",\"position\":3,\"name\":\"Tende pliss\u00e8\"}]},{\"@type\":\"WebSite\",\"@id\":\"https:\/\/jollytech.net\/w\/#website\",\"url\":\"https:\/\/jollytech.net\/w\/\",\"name\":\"Jolly Tech Snc\",\"description\":\"Protetti con stile\",\"publisher\":{\"@id\":\"https:\/\/jollytech.net\/w\/#organization\"},\"potentialAction\":[{\"@type\":\"SearchAction\",\"target\":{\"@type\":\"EntryPoint\",\"urlTemplate\":\"https:\/\/jollytech.net\/w\/?s={search_term_string}\"},\"query-input\":\"required name=search_term_string\"}],\"inLanguage\":\"it-IT\"},{\"@type\":\"Organization\",\"@id\":\"https:\/\/jollytech.net\/w\/#organization\",\"name\":\"Jolly Tech Snc\",\"url\":\"https:\/\/jollytech.net\/w\/\",\"sameAs\":[\"https:\/\/www.facebook.com\/JOLLY-TECH-1675817152686996\/\"],\"logo\":{\"@type\":\"ImageObject\",\"inLanguage\":\"it-IT\",\"@id\":\"https:\/\/jollytech.net\/w\/#\/schema\/logo\/image\/\",\"url\":\"https:\/\/jollytech.net\/w\/wp-content\/uploads\/2016\/11\/Logo-jollytech2.jpg\",\"contentUrl\":\"https:\/\/jollytech.net\/w\/wp-content\/uploads\/2016\/11\/Logo-jollytech2.jpg\",\"width\":400,\"height\":170,\"caption\":\"Jolly Tech Snc\"},\"image\":{\"@id\":\"https:\/\/jollytech.net\/w\/#\/schema\/logo\/image\/\"}}]}<\/script>\n<!-- \/ Yoast SEO plugin. -->","yoast_head_json":{"title":"Vendita tende pliss\u00e8 a Parma - JollyTech","description":"Scopri le migliori tende pliss\u00e9 a Parma da JollyTech. Coniuga stile e versatilit\u00e0 nella tua casa con le nostre soluzioni. Esplora la nostra gamma e aggiungi un tocco di eleganza ai tuoi ambienti oggi stesso!","robots":{"index":"index","follow":"follow","max-snippet":"max-snippet:-1","max-image-preview":"max-image-preview:large","max-video-preview":"max-video-preview:-1"},"canonical":"https:\/\/jollytech.net\/w\/prodotti\/tende-plisse\/","og_locale":"it_IT","og_type":"article","og_title":"Vendita tende pliss\u00e8 a Parma - JollyTech","og_description":"Scopri le migliori tende pliss\u00e9 a Parma da JollyTech. Coniuga stile e versatilit\u00e0 nella tua casa con le nostre soluzioni. Esplora la nostra gamma e aggiungi un tocco di eleganza ai tuoi ambienti oggi stesso!","og_url":"https:\/\/jollytech.net\/w\/prodotti\/tende-plisse\/","og_site_name":"JollyTech","article_publisher":"https:\/\/www.facebook.com\/JOLLY-TECH-1675817152686996\/","article_modified_time":"2024-02-26T10:51:54+00:00","og_image":[{"url":"http:\/\/jollytech.net\/w\/wp-content\/uploads\/2017\/01\/pli-353.jpg"}],"twitter_card":"summary_large_image","twitter_misc":{"Tempo di lettura stimato":"2 minuti"},"schema":{"@context":"https:\/\/schema.org","@graph":[{"@type":"WebPage","@id":"https:\/\/jollytech.net\/w\/prodotti\/tende-plisse\/","url":"https:\/\/jollytech.net\/w\/prodotti\/tende-plisse\/","name":"Vendita tende pliss\u00e8 a Parma - JollyTech","isPartOf":{"@id":"https:\/\/jollytech.net\/w\/#website"},"datePublished":"2017-01-29T16:28:02+00:00","dateModified":"2024-02-26T10:51:54+00:00","description":"Scopri le migliori tende pliss\u00e9 a Parma da JollyTech. Coniuga stile e versatilit\u00e0 nella tua casa con le nostre soluzioni. Esplora la nostra gamma e aggiungi un tocco di eleganza ai tuoi ambienti oggi stesso!","breadcrumb":{"@id":"https:\/\/jollytech.net\/w\/prodotti\/tende-plisse\/#breadcrumb"},"inLanguage":"it-IT","potentialAction":[{"@type":"ReadAction","target":["https:\/\/jollytech.net\/w\/prodotti\/tende-plisse\/"]}]},{"@type":"BreadcrumbList","@id":"https:\/\/jollytech.net\/w\/prodotti\/tende-plisse\/#breadcrumb","itemListElement":[{"@type":"ListItem","position":1,"name":"Home","item":"https:\/\/jollytech.net\/w\/"},{"@type":"ListItem","position":2,"name":"Prodotti","item":"https:\/\/jollytech.net\/w\/prodotti\/"},{"@type":"ListItem","position":3,"name":"Tende pliss\u00e8"}]},{"@type":"WebSite","@id":"https:\/\/jollytech.net\/w\/#website","url":"https:\/\/jollytech.net\/w\/","name":"Jolly Tech Snc","description":"Protetti con stile","publisher":{"@id":"https:\/\/jollytech.net\/w\/#organization"},"potentialAction":[{"@type":"SearchAction","target":{"@type":"EntryPoint","urlTemplate":"https:\/\/jollytech.net\/w\/?s={search_term_string}"},"query-input":"required name=search_term_string"}],"inLanguage":"it-IT"},{"@type":"Organization","@id":"https:\/\/jollytech.net\/w\/#organization","name":"Jolly Tech Snc","url":"https:\/\/jollytech.net\/w\/","sameAs":["https:\/\/www.facebook.com\/JOLLY-TECH-1675817152686996\/"],"logo":{"@type":"ImageObject","inLanguage":"it-IT","@id":"https:\/\/jollytech.net\/w\/#\/schema\/logo\/image\/","url":"https:\/\/jollytech.net\/w\/wp-content\/uploads\/2016\/11\/Logo-jollytech2.jpg","contentUrl":"https:\/\/jollytech.net\/w\/wp-content\/uploads\/2016\/11\/Logo-jollytech2.jpg","width":400,"height":170,"caption":"Jolly Tech Snc"},"image":{"@id":"https:\/\/jollytech.net\/w\/#\/schema\/logo\/image\/"}}]}},"_links":{"self":[{"href":"https:\/\/jollytech.net\/w\/wp-json\/wp\/v2\/pages\/602"}],"collection":[{"href":"https:\/\/jollytech.net\/w\/wp-json\/wp\/v2\/pages"}],"about":[{"href":"https:\/\/jollytech.net\/w\/wp-json\/wp\/v2\/types\/page"}],"author":[{"embeddable":true,"href":"https:\/\/jollytech.net\/w\/wp-json\/wp\/v2\/users\/1"}],"replies":[{"embeddable":true,"href":"https:\/\/jollytech.net\/w\/wp-json\/wp\/v2\/comments?post=602"}],"version-history":[{"count":3,"href":"https:\/\/jollytech.net\/w\/wp-json\/wp\/v2\/pages\/602\/revisions"}],"predecessor-version":[{"id":1448,"href":"https:\/\/jollytech.net\/w\/wp-json\/wp\/v2\/pages\/602\/revisions\/1448"}],"up":[{"embeddable":true,"href":"https:\/\/jollytech.net\/w\/wp-json\/wp\/v2\/pages\/13"}],"wp:attachment":[{"href":"https:\/\/jollytech.net\/w\/wp-json\/wp\/v2\/media?parent=602"}],"curies":[{"name":"wp","href":"https:\/\/api.w.org\/{rel}","templated":true}]}}